{"id":23,"date":"2025-02-13T01:19:19","date_gmt":"2025-02-13T04:19:19","guid":{"rendered":"https:\/\/itsv.edu.ar\/nitsv\/home\/"},"modified":"2025-02-18T10:55:17","modified_gmt":"2025-02-18T13:55:17","slug":"home","status":"publish","type":"page","link":"https:\/\/itsv.edu.ar\/nitsv\/","title":{"rendered":"Home"},"content":{"rendered":"\n\n\nBienvenidos!!<br>\nInstituto T\u00e9cnico Salesiano Villada<br>\n\n\n<span style=\"color:#ffffff;\"><strong>Formando Buenos Cristianos, Honrados Ciudadanos y Eficientes T\u00e9cnicos para el Servicio<\/strong><\/span>\n\n\n\n\n<p data-sourcepos=\"3:1-3:74\"><strong>Instituto T\u00e9cnico Salesiano Villada<\/strong><\/p><p data-sourcepos=\"5:1-5:23\"><\/p>\n<span style=\"font-size: 30px; text-decoration-style: initial; text-transform: capitalize; letter-spacing: normal; font-weight: 600 !important; line-height: 1.5em !important;\">Formaci\u00f3n integral para el futuro<\/span>\n\n\n\n\n<p style=\"text-align: justify;\">El ITS Villada es una instituci\u00f3n educativa con una larga trayectoria en la formaci\u00f3n de j\u00f3venes t\u00e9cnicos en la ciudad de C\u00f3rdoba. Inspirados en el carisma de Don Bosco, buscamos formar personas integrales, con s\u00f3lidos conocimientos t\u00e9cnicos y valores humanos.<\/p><p><br><\/p>\n<p style=\"text-align: justify;\">Nuestra propuesta pastoral se centra en la formaci\u00f3n de personas \u00edntegras, que sean capaces de vivir los valores cristianos en su vida personal y profesional. A trav\u00e9s de actividades pastorales, buscamos promover el desarrollo humano y espiritual de nuestros alumnos.<\/p><p><br><\/p>\n\n\n\n\n\n\n\n\n\n\n\n\n<p><ul><li>Ofrecemos una amplia variedad de especialidades t\u00e9cnicas, que responden a las demandas del mercado laboral actual:<\/li><li><em>* Electromec\u00e1nica<br>* Electr\u00f3nica Industrial<br>* Programaci\u00f3n<\/em><\/li><\/ul><\/p>\n<p>Mantenemos convenios con diferentes ONG, importantes empresas del sector productivo y Universidades, que permiten a nuestros alumnos realizar pr\u00e1cticas profesionales y acceder a oportunidades laborales como as\u00ed tambi\u00e9n continuar con estudios superiores. Estos convenios son una muestra del compromiso del Instituto T\u00e9cnico Salesiano Villada con sus egresados y la comunidad.<\/p>\n\n\n\n\nNovedades\n\n\n\n\n\n\u00bfPor qu\u00e9 elegir el Instituto T\u00e9cnico Salesiano Villada?<br>\n\n\n\n\n\n<strong>Formaci\u00f3n integral:<\/strong> Brindamos una formaci\u00f3n que combina conocimientos t\u00e9cnicos y valores humanos.\n<strong>Ambiente salesiano<\/strong>: Promovemos un ambiente educativo basado en&nbsp;<span style=\"font-family: &quot;Roboto Slab&quot;; font-size: 16px; font-style: normal; font-variant-ligatures: normal; font-variant-caps: normal; font-weight: 300;\">el desarrollo personal y<\/span>&nbsp;los valores cristianos con el estilo de Don Bosco.\n\n\n\n\n<span style=\"font-weight: 700; font-style: normal; font-variant-ligatures: normal; font-variant-caps: normal; font-size: 16px; font-family: &quot;Roboto Slab&quot;;\">Amplia oferta educativa:<\/span><span style=\"font-family: &quot;Roboto Slab&quot;; font-size: 16px; font-style: normal; font-variant-ligatures: normal; font-variant-caps: normal; font-weight: 300;\">&nbsp;Ofrecemos una variedad de especialidades t\u00e9cnicas que responden a las demandas del mercado laboral.<\/span>\n<strong>Inserci\u00f3n laboral:<\/strong> Mantenemos convenios con empresas y universidades que facilitan la inserci\u00f3n laboral de nuestros egresados o la continuidad de Estudios Superiores.\n\n\n\n","protected":false},"excerpt":{"rendered":"","protected":false},"author":1,"featured_media":0,"parent":0,"menu_order":0,"comment_status":"closed","ping_status":"closed","template":"","meta":{"pagelayer_contact_templates":[],"_pagelayer_content":"","footnotes":""},"class_list":["post-23","page","type-page","status-publish","hentry"],"_links":{"self":[{"href":"https:\/\/itsv.edu.ar\/nitsv\/wp-json\/wp\/v2\/pages\/23","targetHints":{"allow":["GET"]}}],"collection":[{"href":"https:\/\/itsv.edu.ar\/nitsv\/wp-json\/wp\/v2\/pages"}],"about":[{"href":"https:\/\/itsv.edu.ar\/nitsv\/wp-json\/wp\/v2\/types\/page"}],"author":[{"embeddable":true,"href":"https:\/\/itsv.edu.ar\/nitsv\/wp-json\/wp\/v2\/users\/1"}],"replies":[{"embeddable":true,"href":"https:\/\/itsv.edu.ar\/nitsv\/wp-json\/wp\/v2\/comments?post=23"}],"version-history":[{"count":18,"href":"https:\/\/itsv.edu.ar\/nitsv\/wp-json\/wp\/v2\/pages\/23\/revisions"}],"predecessor-version":[{"id":307,"href":"https:\/\/itsv.edu.ar\/nitsv\/wp-json\/wp\/v2\/pages\/23\/revisions\/307"}],"wp:attachment":[{"href":"https:\/\/itsv.edu.ar\/nitsv\/wp-json\/wp\/v2\/media?parent=23"}],"curies":[{"name":"wp","href":"https:\/\/api.w.org\/{rel}","templated":true}]}}