{"id":22,"date":"2025-02-13T01:19:19","date_gmt":"2025-02-13T04:19:19","guid":{"rendered":"https:\/\/itsv.edu.ar\/nitsv\/about\/"},"modified":"2025-02-18T11:00:28","modified_gmt":"2025-02-18T14:00:28","slug":"about","status":"publish","type":"page","link":"https:\/\/itsv.edu.ar\/nitsv\/about\/","title":{"rendered":"Institucional"},"content":{"rendered":"\n\n\n\n\n\n\n\n\n\n\n\n\nNuestra Historia<\/h2>\n<h4>Or\u00edgenes<\/h4>\n<p style=\"text-align: justify;\"><strong><font color=\"#007dd2\" style=\"font-size: large;\">1929 \u2013<\/font><\/strong>&nbsp;Un grupo de mujeres salesianas cooperadoras, inspiradas por la ceremonia de imposici\u00f3n de h\u00e1bitos y la necesidad de un espacio educativo m\u00e1s adecuado, donan terrenos y fondos para construir un nuevo edificio en C\u00f3rdoba.<\/p><p style=\"text-align: justify;\">El edificio se construye en gran parte con materiales de la zona y se bendice la piedra fundamental el 29 de septiembre de 1929.<\/p>\n<h4>Cierre del Teologado y Nueva Historia<\/h4>\n<p style=\"text-align: justify;\"><span style=\"font-size: large;\"><strong><font color=\"#007dd2\">1970 \u2013<\/font><\/strong><\/span>&nbsp;Debido a cambios en el contexto de la Iglesia y la disminuci\u00f3n de estudiantes de teolog\u00eda, se decide cerrar el Instituto Teol\u00f3gico Salesiano \u00abJos\u00e9 Clemente Villada y Cabrera\u00bb.<\/p>\n<p style=\"text-align: justify;\"><span style=\"font-size: large;\"><strong><font color=\"#007dd2\">1971 \u2013<\/font><\/strong><\/span>&nbsp;Se asigna el edificio a los T\u00e9cnicos Mec\u00e1nicos del P\u00edo X, comenzando a gestarse una nueva historia.<\/p>\n<h4>Fundaci\u00f3n del Instituto T\u00e9cnico Villada<\/h4>\n<p style=\"text-align: justify;\"><span style=\"font-size: large;\"><strong><font color=\"#007dd2\">1970 \u2013<\/font><\/strong><\/span> Agosto\/Septiembre: Surge la idea de trasladar la Secci\u00f3n T\u00e9cnica del Colegio P\u00edo X al edificio desocupado del Teol\u00f3gico Villada para crecer y expandirse.<\/p>\n<p style=\"text-align: justify;\"><span style=\"font-size: large;\"><strong><font color=\"#007dd2\">1971 \u2013<\/font><\/strong><\/span>&nbsp;Se realizan gestiones administrativas, pedag\u00f3gicas y de relaciones con el Estado para crear el nuevo establecimiento y gestionar el Ciclo Superior.<\/p><p style=\"text-align: justify;\">La mudanza se realiza en el verano de 1971, y se superan desaf\u00edos como la distancia, las malas condiciones del camino y la falta de presupuesto.<\/p><p style=\"text-align: justify;\">Se realizan tareas de limpieza, dise\u00f1o y construcci\u00f3n con la colaboraci\u00f3n de las familias, los alumnos, salesianos y maestros de taller.<\/p><p style=\"text-align: justify;\">Se consiguen beneficios como la creaci\u00f3n del 4\u00b0 a\u00f1o, una nueva divisi\u00f3n de primer a\u00f1o y el servicio de transporte exclusivo para alumnos y personal.<\/p>\n<p style=\"text-align: justify;\"><span style=\"font-size: large;\"><strong><font color=\"#007dd2\">1973 \u2013<\/font><\/strong><\/span>&nbsp;Se crea formalmente el Instituto T\u00e9cnico Salesiano por Disposici\u00f3n N\u00b0 721 del 4 de abril de 1973 de la SNEP.<\/p>\n\n\n\n\n\n\n\n\n\n\n\n\n\n\n\u00bfQui\u00e9nes Somos?\n<p style=\"text-align: justify;\">El Instituto T\u00e9cnico Salesiano Villada es una instituci\u00f3n educativa cat\u00f3lica que forma parte de la Familia Salesiana, fundada por San Juan Bosco. Nos dedicamos a la formaci\u00f3n integral de j\u00f3venes, combinando la excelencia acad\u00e9mica con los valores humanos y cristianos.<\/p><p style=\"text-align: justify;\"><br><\/p><p style=\"text-align: justify;\">Nuestra propuesta educativa se centra en el desarrollo de habilidades t\u00e9cnicas y profesionales, en la promoci\u00f3n de un esp\u00edritu de servicio y compromiso social. Buscamos formar personas capaces de construir un futuro mejor para s\u00ed mismos y para la sociedad.<\/p>\n\n\n\n\n\n\n","protected":false},"excerpt":{"rendered":"","protected":false},"author":1,"featured_media":0,"parent":0,"menu_order":0,"comment_status":"closed","ping_status":"closed","template":"","meta":{"pagelayer_contact_templates":[],"_pagelayer_content":"","footnotes":""},"class_list":["post-22","page","type-page","status-publish","hentry"],"_links":{"self":[{"href":"https:\/\/itsv.edu.ar\/nitsv\/wp-json\/wp\/v2\/pages\/22","targetHints":{"allow":["GET"]}}],"collection":[{"href":"https:\/\/itsv.edu.ar\/nitsv\/wp-json\/wp\/v2\/pages"}],"about":[{"href":"https:\/\/itsv.edu.ar\/nitsv\/wp-json\/wp\/v2\/types\/page"}],"author":[{"embeddable":true,"href":"https:\/\/itsv.edu.ar\/nitsv\/wp-json\/wp\/v2\/users\/1"}],"replies":[{"embeddable":true,"href":"https:\/\/itsv.edu.ar\/nitsv\/wp-json\/wp\/v2\/comments?post=22"}],"version-history":[{"count":13,"href":"https:\/\/itsv.edu.ar\/nitsv\/wp-json\/wp\/v2\/pages\/22\/revisions"}],"predecessor-version":[{"id":308,"href":"https:\/\/itsv.edu.ar\/nitsv\/wp-json\/wp\/v2\/pages\/22\/revisions\/308"}],"wp:attachment":[{"href":"https:\/\/itsv.edu.ar\/nitsv\/wp-json\/wp\/v2\/media?parent=22"}],"curies":[{"name":"wp","href":"https:\/\/api.w.org\/{rel}","templated":true}]}}